{"id":666,"date":"2024-05-06T18:21:22","date_gmt":"2024-05-06T15:21:22","guid":{"rendered":"https:\/\/ouk.ee\/?post_type=product&#038;p=666"},"modified":"2024-11-25T16:05:35","modified_gmt":"2024-11-25T14:05:35","slug":"ouk-navy-strength-gin","status":"publish","type":"product","link":"https:\/\/ouk.ee\/en\/product\/ouk-navy-strength-gin\/","title":{"rendered":"OUK Hiiumaa Navy Strength Gin 59,01% 500 ml"},"content":{"rendered":"","protected":false},"excerpt":{"rendered":"<p>See muljetavaldavalt pehme, lilleline ja taimne d\u017einn, mis on valmistatud samal laiuskraadil selle 59,01% alkoholisisaldusega. D\u017einni nimi p\u00e4rineb Briti merev\u00e4e ajaloost, kes legendide j\u00e4rgi hoiustasid d\u017einni p\u00fcssirohu k\u00f5rval ja soovisid olla kindlad, et kui see maha valgub, siis seal samas hoiustatud p\u00fcssirohi ikkagi s\u00fcttiks. Kuna iga partii valmistatakse hoolikalt meie mere\u00e4\u00e4rses vabrikus, sobib see ideaalselt seikluslikesse kokteilidesse v\u00f5i toekaks d\u017einn-toonikuks.<\/p>\n<p>Liitri hind on 83,8\u20ac.<\/p>","protected":false},"featured_media":648,"template":"","meta":[],"product_cat":[38,35],"product_tag":[],"class_list":{"0":"post-666","1":"product","2":"type-product","3":"status-publish","4":"has-post-thumbnail","6":"product_cat-gin-ouk","7":"product_cat-ouk","9":"entry","10":"has-media","12":"first","13":"instock","14":"shipping-taxable","15":"purchasable","16":"product-type-simple","17":"col","18":"span_1_of_3","19":"owp-content-center","20":"owp-thumbs-layout-horizontal","21":"owp-btn-normal","22":"owp-tabs-layout-horizontal","23":"has-no-thumbnails"},"yoast_head":"<!-- This site is optimized with the Yoast SEO plugin v23.9 - https:\/\/yoast.com\/wordpress\/plugins\/seo\/ -->\n<title>OUK Hiiumaa Navy Strength Gin 59,01% 500 ml - OUK Distillery<\/title>\n<meta name=\"robots\" content=\"index, follow, max-snippet:-1, max-image-preview:large, max-video-preview:-1\" \/>\n<link rel=\"canonical\" href=\"https:\/\/ouk.ee\/en\/product\/ouk-navy-strength-gin\/\" \/>\n<meta property=\"og:locale\" content=\"en_US\" \/>\n<meta property=\"og:type\" content=\"article\" \/>\n<meta property=\"og:title\" content=\"OUK Hiiumaa Navy Strength Gin 59,01% 500 ml - OUK Distillery\" \/>\n<meta property=\"og:description\" content=\"See muljetavaldavalt pehme, lilleline ja taimne d\u017einn, mis on valmistatud samal laiuskraadil selle 59,01% alkoholisisaldusega. D\u017einni nimi p\u00e4rineb Briti merev\u00e4e ajaloost, kes legendide j\u00e4rgi hoiustasid d\u017einni p\u00fcssirohu k\u00f5rval ja soovisid olla kindlad, et kui see maha valgub, siis seal samas hoiustatud p\u00fcssirohi ikkagi s\u00fcttiks. Kuna iga partii valmistatakse hoolikalt meie mere\u00e4\u00e4rses vabrikus, sobib see ideaalselt seikluslikesse kokteilidesse v\u00f5i toekaks d\u017einn-toonikuks.  Liitri hind on 83,8\u20ac.\" \/>\n<meta property=\"og:url\" content=\"https:\/\/ouk.ee\/en\/product\/ouk-navy-strength-gin\/\" \/>\n<meta property=\"og:site_name\" content=\"OUK Distillery\" \/>\n<meta property=\"article:modified_time\" content=\"2024-11-25T14:05:35+00:00\" \/>\n<meta property=\"og:image\" content=\"https:\/\/ouk.ee\/wp-content\/uploads\/2024\/02\/Navy-white.png\" \/>\n\t<meta property=\"og:image:width\" content=\"1080\" \/>\n\t<meta property=\"og:image:height\" content=\"1080\" \/>\n\t<meta property=\"og:image:type\" content=\"image\/png\" \/>\n<meta name=\"twitter:card\" content=\"summary_large_image\" \/>\n<meta name=\"twitter:label1\" content=\"Est. reading time\" \/>\n\t<meta name=\"twitter:data1\" content=\"1 minute\" \/>\n<script type=\"application\/ld+json\" class=\"yoast-schema-graph\">{\"@context\":\"https:\/\/schema.org\",\"@graph\":[{\"@type\":\"WebPage\",\"@id\":\"https:\/\/ouk.ee\/toode\/ouk-navy-strength-gin\/\",\"url\":\"https:\/\/ouk.ee\/toode\/ouk-navy-strength-gin\/\",\"name\":\"OUK Hiiumaa Navy Strength Gin 59,01% 500 ml - OUK Distillery\",\"isPartOf\":{\"@id\":\"https:\/\/www.ouk.ee\/#website\"},\"primaryImageOfPage\":{\"@id\":\"https:\/\/ouk.ee\/toode\/ouk-navy-strength-gin\/#primaryimage\"},\"image\":{\"@id\":\"https:\/\/ouk.ee\/toode\/ouk-navy-strength-gin\/#primaryimage\"},\"thumbnailUrl\":\"https:\/\/ouk.ee\/wp-content\/uploads\/2024\/02\/Navy-white.png\",\"datePublished\":\"2024-05-06T15:21:22+00:00\",\"dateModified\":\"2024-11-25T14:05:35+00:00\",\"breadcrumb\":{\"@id\":\"https:\/\/ouk.ee\/toode\/ouk-navy-strength-gin\/#breadcrumb\"},\"inLanguage\":\"en-US\",\"potentialAction\":[{\"@type\":\"ReadAction\",\"target\":[\"https:\/\/ouk.ee\/toode\/ouk-navy-strength-gin\/\"]}]},{\"@type\":\"ImageObject\",\"inLanguage\":\"en-US\",\"@id\":\"https:\/\/ouk.ee\/toode\/ouk-navy-strength-gin\/#primaryimage\",\"url\":\"https:\/\/ouk.ee\/wp-content\/uploads\/2024\/02\/Navy-white.png\",\"contentUrl\":\"https:\/\/ouk.ee\/wp-content\/uploads\/2024\/02\/Navy-white.png\",\"width\":1080,\"height\":1080,\"caption\":\"OUK Navy Strength Gin\"},{\"@type\":\"BreadcrumbList\",\"@id\":\"https:\/\/ouk.ee\/toode\/ouk-navy-strength-gin\/#breadcrumb\",\"itemListElement\":[{\"@type\":\"ListItem\",\"position\":1,\"name\":\"Home\",\"item\":\"https:\/\/ouk.ee\/en\/\"},{\"@type\":\"ListItem\",\"position\":2,\"name\":\"Pood\",\"item\":\"https:\/\/ouk.ee\/en\/pood\/\"},{\"@type\":\"ListItem\",\"position\":3,\"name\":\"OUK Hiiumaa Navy Strength Gin 59,01% 500 ml\"}]},{\"@type\":\"WebSite\",\"@id\":\"https:\/\/www.ouk.ee\/#website\",\"url\":\"https:\/\/www.ouk.ee\/\",\"name\":\"OUK Distillery\",\"description\":\"Hiiumaa artisan distillery: From crater to glass\",\"publisher\":{\"@id\":\"https:\/\/www.ouk.ee\/#organization\"},\"potentialAction\":[{\"@type\":\"SearchAction\",\"target\":{\"@type\":\"EntryPoint\",\"urlTemplate\":\"https:\/\/www.ouk.ee\/?s={search_term_string}\"},\"query-input\":{\"@type\":\"PropertyValueSpecification\",\"valueRequired\":true,\"valueName\":\"search_term_string\"}}],\"inLanguage\":\"en-US\"},{\"@type\":\"Organization\",\"@id\":\"https:\/\/www.ouk.ee\/#organization\",\"name\":\"OUK Distillery\",\"url\":\"https:\/\/www.ouk.ee\/\",\"logo\":{\"@type\":\"ImageObject\",\"inLanguage\":\"en-US\",\"@id\":\"https:\/\/www.ouk.ee\/#\/schema\/logo\/image\/\",\"url\":\"https:\/\/ouk.ee\/wp-content\/uploads\/2021\/05\/ouklogo-punane.png\",\"contentUrl\":\"https:\/\/ouk.ee\/wp-content\/uploads\/2021\/05\/ouklogo-punane.png\",\"width\":1919,\"height\":1922,\"caption\":\"OUK Distillery\"},\"image\":{\"@id\":\"https:\/\/www.ouk.ee\/#\/schema\/logo\/image\/\"}}]}<\/script>\n<!-- \/ Yoast SEO plugin. -->","yoast_head_json":{"title":"OUK Hiiumaa Navy Strength Gin 59,01% 500 ml - OUK Distillery","robots":{"index":"index","follow":"follow","max-snippet":"max-snippet:-1","max-image-preview":"max-image-preview:large","max-video-preview":"max-video-preview:-1"},"canonical":"https:\/\/ouk.ee\/en\/product\/ouk-navy-strength-gin\/","og_locale":"en_US","og_type":"article","og_title":"OUK Hiiumaa Navy Strength Gin 59,01% 500 ml - OUK Distillery","og_description":"See muljetavaldavalt pehme, lilleline ja taimne d\u017einn, mis on valmistatud samal laiuskraadil selle 59,01% alkoholisisaldusega. D\u017einni nimi p\u00e4rineb Briti merev\u00e4e ajaloost, kes legendide j\u00e4rgi hoiustasid d\u017einni p\u00fcssirohu k\u00f5rval ja soovisid olla kindlad, et kui see maha valgub, siis seal samas hoiustatud p\u00fcssirohi ikkagi s\u00fcttiks. Kuna iga partii valmistatakse hoolikalt meie mere\u00e4\u00e4rses vabrikus, sobib see ideaalselt seikluslikesse kokteilidesse v\u00f5i toekaks d\u017einn-toonikuks.  Liitri hind on 83,8\u20ac.","og_url":"https:\/\/ouk.ee\/en\/product\/ouk-navy-strength-gin\/","og_site_name":"OUK Distillery","article_modified_time":"2024-11-25T14:05:35+00:00","og_image":[{"width":1080,"height":1080,"url":"https:\/\/ouk.ee\/wp-content\/uploads\/2024\/02\/Navy-white.png","type":"image\/png"}],"twitter_card":"summary_large_image","twitter_misc":{"Est. reading time":"1 minute"},"schema":{"@context":"https:\/\/schema.org","@graph":[{"@type":"WebPage","@id":"https:\/\/ouk.ee\/toode\/ouk-navy-strength-gin\/","url":"https:\/\/ouk.ee\/toode\/ouk-navy-strength-gin\/","name":"OUK Hiiumaa Navy Strength Gin 59,01% 500 ml - OUK Distillery","isPartOf":{"@id":"https:\/\/www.ouk.ee\/#website"},"primaryImageOfPage":{"@id":"https:\/\/ouk.ee\/toode\/ouk-navy-strength-gin\/#primaryimage"},"image":{"@id":"https:\/\/ouk.ee\/toode\/ouk-navy-strength-gin\/#primaryimage"},"thumbnailUrl":"https:\/\/ouk.ee\/wp-content\/uploads\/2024\/02\/Navy-white.png","datePublished":"2024-05-06T15:21:22+00:00","dateModified":"2024-11-25T14:05:35+00:00","breadcrumb":{"@id":"https:\/\/ouk.ee\/toode\/ouk-navy-strength-gin\/#breadcrumb"},"inLanguage":"en-US","potentialAction":[{"@type":"ReadAction","target":["https:\/\/ouk.ee\/toode\/ouk-navy-strength-gin\/"]}]},{"@type":"ImageObject","inLanguage":"en-US","@id":"https:\/\/ouk.ee\/toode\/ouk-navy-strength-gin\/#primaryimage","url":"https:\/\/ouk.ee\/wp-content\/uploads\/2024\/02\/Navy-white.png","contentUrl":"https:\/\/ouk.ee\/wp-content\/uploads\/2024\/02\/Navy-white.png","width":1080,"height":1080,"caption":"OUK Navy Strength Gin"},{"@type":"BreadcrumbList","@id":"https:\/\/ouk.ee\/toode\/ouk-navy-strength-gin\/#breadcrumb","itemListElement":[{"@type":"ListItem","position":1,"name":"Home","item":"https:\/\/ouk.ee\/en\/"},{"@type":"ListItem","position":2,"name":"Pood","item":"https:\/\/ouk.ee\/en\/pood\/"},{"@type":"ListItem","position":3,"name":"OUK Hiiumaa Navy Strength Gin 59,01% 500 ml"}]},{"@type":"WebSite","@id":"https:\/\/www.ouk.ee\/#website","url":"https:\/\/www.ouk.ee\/","name":"OUK Distillery","description":"Hiiumaa artisan distillery: From crater to glass","publisher":{"@id":"https:\/\/www.ouk.ee\/#organization"},"potentialAction":[{"@type":"SearchAction","target":{"@type":"EntryPoint","urlTemplate":"https:\/\/www.ouk.ee\/?s={search_term_string}"},"query-input":{"@type":"PropertyValueSpecification","valueRequired":true,"valueName":"search_term_string"}}],"inLanguage":"en-US"},{"@type":"Organization","@id":"https:\/\/www.ouk.ee\/#organization","name":"OUK Distillery","url":"https:\/\/www.ouk.ee\/","logo":{"@type":"ImageObject","inLanguage":"en-US","@id":"https:\/\/www.ouk.ee\/#\/schema\/logo\/image\/","url":"https:\/\/ouk.ee\/wp-content\/uploads\/2021\/05\/ouklogo-punane.png","contentUrl":"https:\/\/ouk.ee\/wp-content\/uploads\/2021\/05\/ouklogo-punane.png","width":1919,"height":1922,"caption":"OUK Distillery"},"image":{"@id":"https:\/\/www.ouk.ee\/#\/schema\/logo\/image\/"}}]}},"_links":{"self":[{"href":"https:\/\/ouk.ee\/en\/wp-json\/wp\/v2\/product\/666","targetHints":{"allow":["GET"]}}],"collection":[{"href":"https:\/\/ouk.ee\/en\/wp-json\/wp\/v2\/product"}],"about":[{"href":"https:\/\/ouk.ee\/en\/wp-json\/wp\/v2\/types\/product"}],"wp:featuredmedia":[{"embeddable":true,"href":"https:\/\/ouk.ee\/en\/wp-json\/wp\/v2\/media\/648"}],"wp:attachment":[{"href":"https:\/\/ouk.ee\/en\/wp-json\/wp\/v2\/media?parent=666"}],"wp:term":[{"taxonomy":"product_cat","embeddable":true,"href":"https:\/\/ouk.ee\/en\/wp-json\/wp\/v2\/product_cat?post=666"},{"taxonomy":"product_tag","embeddable":true,"href":"https:\/\/ouk.ee\/en\/wp-json\/wp\/v2\/product_tag?post=666"}],"curies":[{"name":"wp","href":"https:\/\/api.w.org\/{rel}","templated":true}]}}