{"id":665,"date":"2024-05-06T18:21:59","date_gmt":"2024-05-06T15:21:59","guid":{"rendered":"https:\/\/ouk.ee\/?post_type=product&#038;p=665"},"modified":"2024-11-25T16:05:20","modified_gmt":"2024-11-25T14:05:20","slug":"ouk-akvavit","status":"publish","type":"product","link":"https:\/\/ouk.ee\/en\/product\/ouk-akvavit\/","title":{"rendered":"OUK Hiiumaa Akvavit 41,5% vol 500 ml"},"content":{"rendered":"","protected":false},"excerpt":{"rendered":"<p>OUK Hiiumaa Akvavit on meie kroonijuveel. Maitseprofiil on tasakaalustatud helde karakteriga, mida raamib m\u00f5\u00f5detud tammelaagerdus. Hiiumaise akvaviti uudsus peitub valmistamisel kasutatud puhtas arteesiavees ja see tagab arutelu igal koosistumisel. Maitses on \u00e4ra tunda k\u00f6\u00f6mneid, apelsinikoort ja sirelit. Ideaalne joomiseks puhtalt v\u00f5i d\u017einni asendamiseks\u00a0 klassikalises toonikukokteilis. OUK on esimene p\u00f5hitootena akvaviti tootja Eestis.<\/p>\n<p>Liitri hind 73,8\u20ac.<\/p>","protected":false},"featured_media":650,"template":"","meta":[],"product_cat":[36,35],"product_tag":[],"class_list":{"0":"post-665","1":"product","2":"type-product","3":"status-publish","4":"has-post-thumbnail","6":"product_cat-akvavit-ouk","7":"product_cat-ouk","9":"entry","10":"has-media","12":"first","13":"instock","14":"shipping-taxable","15":"purchasable","16":"product-type-simple","17":"col","18":"span_1_of_3","19":"owp-content-center","20":"owp-thumbs-layout-horizontal","21":"owp-btn-normal","22":"owp-tabs-layout-horizontal","23":"has-no-thumbnails"},"yoast_head":"<!-- This site is optimized with the Yoast SEO plugin v23.9 - https:\/\/yoast.com\/wordpress\/plugins\/seo\/ -->\n<title>OUK Hiiumaa Akvavit 41,5% vol 500 ml - OUK Distillery<\/title>\n<meta name=\"robots\" content=\"index, follow, max-snippet:-1, max-image-preview:large, max-video-preview:-1\" \/>\n<link rel=\"canonical\" href=\"https:\/\/www.ouk.ee\/toode\/ouk-akvavit\/\" \/>\n<meta property=\"og:locale\" content=\"en_US\" \/>\n<meta property=\"og:type\" content=\"article\" \/>\n<meta property=\"og:title\" content=\"OUK Hiiumaa Akvavit 41,5% vol 500 ml - OUK Distillery\" \/>\n<meta property=\"og:description\" content=\"OUK Hiiumaa Akvavit on meie kroonijuveel. Maitseprofiil on tasakaalustatud helde karakteriga, mida raamib m\u00f5\u00f5detud tammelaagerdus. Hiiumaise akvaviti uudsus peitub valmistamisel kasutatud puhtas arteesiavees ja see tagab arutelu igal koosistumisel. Maitses on \u00e4ra tunda k\u00f6\u00f6mneid, apelsinikoort ja sirelit. Ideaalne joomiseks puhtalt v\u00f5i d\u017einni asendamiseks\u00a0 klassikalises toonikukokteilis. OUK on esimene p\u00f5hitootena akvaviti tootja Eestis.  Liitri hind 73,8\u20ac.\" \/>\n<meta property=\"og:url\" content=\"https:\/\/www.ouk.ee\/toode\/ouk-akvavit\/\" \/>\n<meta property=\"og:site_name\" content=\"OUK Distillery\" \/>\n<meta property=\"article:modified_time\" content=\"2024-11-25T14:05:20+00:00\" \/>\n<meta property=\"og:image\" content=\"https:\/\/ouk.ee\/wp-content\/uploads\/2024\/02\/akvavit-white.png\" \/>\n\t<meta property=\"og:image:width\" content=\"1080\" \/>\n\t<meta property=\"og:image:height\" content=\"1080\" \/>\n\t<meta property=\"og:image:type\" content=\"image\/png\" \/>\n<meta name=\"twitter:card\" content=\"summary_large_image\" \/>\n<meta name=\"twitter:label1\" content=\"Est. reading time\" \/>\n\t<meta name=\"twitter:data1\" content=\"1 minute\" \/>\n<script type=\"application\/ld+json\" class=\"yoast-schema-graph\">{\"@context\":\"https:\/\/schema.org\",\"@graph\":[{\"@type\":\"WebPage\",\"@id\":\"https:\/\/www.ouk.ee\/toode\/ouk-akvavit\/\",\"url\":\"https:\/\/www.ouk.ee\/toode\/ouk-akvavit\/\",\"name\":\"OUK Hiiumaa Akvavit 41,5% vol 500 ml - OUK Distillery\",\"isPartOf\":{\"@id\":\"https:\/\/www.ouk.ee\/#website\"},\"primaryImageOfPage\":{\"@id\":\"https:\/\/www.ouk.ee\/toode\/ouk-akvavit\/#primaryimage\"},\"image\":{\"@id\":\"https:\/\/www.ouk.ee\/toode\/ouk-akvavit\/#primaryimage\"},\"thumbnailUrl\":\"https:\/\/ouk.ee\/wp-content\/uploads\/2024\/02\/akvavit-white.png\",\"datePublished\":\"2024-05-06T15:21:59+00:00\",\"dateModified\":\"2024-11-25T14:05:20+00:00\",\"breadcrumb\":{\"@id\":\"https:\/\/www.ouk.ee\/toode\/ouk-akvavit\/#breadcrumb\"},\"inLanguage\":\"en-US\",\"potentialAction\":[{\"@type\":\"ReadAction\",\"target\":[\"https:\/\/www.ouk.ee\/toode\/ouk-akvavit\/\"]}]},{\"@type\":\"ImageObject\",\"inLanguage\":\"en-US\",\"@id\":\"https:\/\/www.ouk.ee\/toode\/ouk-akvavit\/#primaryimage\",\"url\":\"https:\/\/ouk.ee\/wp-content\/uploads\/2024\/02\/akvavit-white.png\",\"contentUrl\":\"https:\/\/ouk.ee\/wp-content\/uploads\/2024\/02\/akvavit-white.png\",\"width\":1080,\"height\":1080,\"caption\":\"OUK Akvavit\"},{\"@type\":\"BreadcrumbList\",\"@id\":\"https:\/\/www.ouk.ee\/toode\/ouk-akvavit\/#breadcrumb\",\"itemListElement\":[{\"@type\":\"ListItem\",\"position\":1,\"name\":\"Home\",\"item\":\"https:\/\/www.ouk.ee\/\"},{\"@type\":\"ListItem\",\"position\":2,\"name\":\"Pood\",\"item\":\"https:\/\/www.ouk.ee\/pood\/\"},{\"@type\":\"ListItem\",\"position\":3,\"name\":\"OUK Hiiumaa Akvavit 41,5% vol 500 ml\"}]},{\"@type\":\"WebSite\",\"@id\":\"https:\/\/www.ouk.ee\/#website\",\"url\":\"https:\/\/www.ouk.ee\/\",\"name\":\"OUK Distillery\",\"description\":\"Hiiumaa artisan distillery: From crater to glass\",\"publisher\":{\"@id\":\"https:\/\/www.ouk.ee\/#organization\"},\"potentialAction\":[{\"@type\":\"SearchAction\",\"target\":{\"@type\":\"EntryPoint\",\"urlTemplate\":\"https:\/\/www.ouk.ee\/?s={search_term_string}\"},\"query-input\":{\"@type\":\"PropertyValueSpecification\",\"valueRequired\":true,\"valueName\":\"search_term_string\"}}],\"inLanguage\":\"en-US\"},{\"@type\":\"Organization\",\"@id\":\"https:\/\/www.ouk.ee\/#organization\",\"name\":\"OUK Distillery\",\"url\":\"https:\/\/www.ouk.ee\/\",\"logo\":{\"@type\":\"ImageObject\",\"inLanguage\":\"en-US\",\"@id\":\"https:\/\/www.ouk.ee\/#\/schema\/logo\/image\/\",\"url\":\"https:\/\/ouk.ee\/wp-content\/uploads\/2021\/05\/ouklogo-punane.png\",\"contentUrl\":\"https:\/\/ouk.ee\/wp-content\/uploads\/2021\/05\/ouklogo-punane.png\",\"width\":1919,\"height\":1922,\"caption\":\"OUK Distillery\"},\"image\":{\"@id\":\"https:\/\/www.ouk.ee\/#\/schema\/logo\/image\/\"}}]}<\/script>\n<!-- \/ Yoast SEO plugin. -->","yoast_head_json":{"title":"OUK Hiiumaa Akvavit 41,5% vol 500 ml - OUK Distillery","robots":{"index":"index","follow":"follow","max-snippet":"max-snippet:-1","max-image-preview":"max-image-preview:large","max-video-preview":"max-video-preview:-1"},"canonical":"https:\/\/www.ouk.ee\/toode\/ouk-akvavit\/","og_locale":"en_US","og_type":"article","og_title":"OUK Hiiumaa Akvavit 41,5% vol 500 ml - OUK Distillery","og_description":"OUK Hiiumaa Akvavit on meie kroonijuveel. Maitseprofiil on tasakaalustatud helde karakteriga, mida raamib m\u00f5\u00f5detud tammelaagerdus. Hiiumaise akvaviti uudsus peitub valmistamisel kasutatud puhtas arteesiavees ja see tagab arutelu igal koosistumisel. Maitses on \u00e4ra tunda k\u00f6\u00f6mneid, apelsinikoort ja sirelit. Ideaalne joomiseks puhtalt v\u00f5i d\u017einni asendamiseks\u00a0 klassikalises toonikukokteilis. OUK on esimene p\u00f5hitootena akvaviti tootja Eestis.  Liitri hind 73,8\u20ac.","og_url":"https:\/\/www.ouk.ee\/toode\/ouk-akvavit\/","og_site_name":"OUK Distillery","article_modified_time":"2024-11-25T14:05:20+00:00","og_image":[{"width":1080,"height":1080,"url":"https:\/\/ouk.ee\/wp-content\/uploads\/2024\/02\/akvavit-white.png","type":"image\/png"}],"twitter_card":"summary_large_image","twitter_misc":{"Est. reading time":"1 minute"},"schema":{"@context":"https:\/\/schema.org","@graph":[{"@type":"WebPage","@id":"https:\/\/www.ouk.ee\/toode\/ouk-akvavit\/","url":"https:\/\/www.ouk.ee\/toode\/ouk-akvavit\/","name":"OUK Hiiumaa Akvavit 41,5% vol 500 ml - OUK Distillery","isPartOf":{"@id":"https:\/\/www.ouk.ee\/#website"},"primaryImageOfPage":{"@id":"https:\/\/www.ouk.ee\/toode\/ouk-akvavit\/#primaryimage"},"image":{"@id":"https:\/\/www.ouk.ee\/toode\/ouk-akvavit\/#primaryimage"},"thumbnailUrl":"https:\/\/ouk.ee\/wp-content\/uploads\/2024\/02\/akvavit-white.png","datePublished":"2024-05-06T15:21:59+00:00","dateModified":"2024-11-25T14:05:20+00:00","breadcrumb":{"@id":"https:\/\/www.ouk.ee\/toode\/ouk-akvavit\/#breadcrumb"},"inLanguage":"en-US","potentialAction":[{"@type":"ReadAction","target":["https:\/\/www.ouk.ee\/toode\/ouk-akvavit\/"]}]},{"@type":"ImageObject","inLanguage":"en-US","@id":"https:\/\/www.ouk.ee\/toode\/ouk-akvavit\/#primaryimage","url":"https:\/\/ouk.ee\/wp-content\/uploads\/2024\/02\/akvavit-white.png","contentUrl":"https:\/\/ouk.ee\/wp-content\/uploads\/2024\/02\/akvavit-white.png","width":1080,"height":1080,"caption":"OUK Akvavit"},{"@type":"BreadcrumbList","@id":"https:\/\/www.ouk.ee\/toode\/ouk-akvavit\/#breadcrumb","itemListElement":[{"@type":"ListItem","position":1,"name":"Home","item":"https:\/\/www.ouk.ee\/"},{"@type":"ListItem","position":2,"name":"Pood","item":"https:\/\/www.ouk.ee\/pood\/"},{"@type":"ListItem","position":3,"name":"OUK Hiiumaa Akvavit 41,5% vol 500 ml"}]},{"@type":"WebSite","@id":"https:\/\/www.ouk.ee\/#website","url":"https:\/\/www.ouk.ee\/","name":"OUK Distillery","description":"Hiiumaa artisan distillery: From crater to glass","publisher":{"@id":"https:\/\/www.ouk.ee\/#organization"},"potentialAction":[{"@type":"SearchAction","target":{"@type":"EntryPoint","urlTemplate":"https:\/\/www.ouk.ee\/?s={search_term_string}"},"query-input":{"@type":"PropertyValueSpecification","valueRequired":true,"valueName":"search_term_string"}}],"inLanguage":"en-US"},{"@type":"Organization","@id":"https:\/\/www.ouk.ee\/#organization","name":"OUK Distillery","url":"https:\/\/www.ouk.ee\/","logo":{"@type":"ImageObject","inLanguage":"en-US","@id":"https:\/\/www.ouk.ee\/#\/schema\/logo\/image\/","url":"https:\/\/ouk.ee\/wp-content\/uploads\/2021\/05\/ouklogo-punane.png","contentUrl":"https:\/\/ouk.ee\/wp-content\/uploads\/2021\/05\/ouklogo-punane.png","width":1919,"height":1922,"caption":"OUK Distillery"},"image":{"@id":"https:\/\/www.ouk.ee\/#\/schema\/logo\/image\/"}}]}},"_links":{"self":[{"href":"https:\/\/ouk.ee\/en\/wp-json\/wp\/v2\/product\/665","targetHints":{"allow":["GET"]}}],"collection":[{"href":"https:\/\/ouk.ee\/en\/wp-json\/wp\/v2\/product"}],"about":[{"href":"https:\/\/ouk.ee\/en\/wp-json\/wp\/v2\/types\/product"}],"wp:featuredmedia":[{"embeddable":true,"href":"https:\/\/ouk.ee\/en\/wp-json\/wp\/v2\/media\/650"}],"wp:attachment":[{"href":"https:\/\/ouk.ee\/en\/wp-json\/wp\/v2\/media?parent=665"}],"wp:term":[{"taxonomy":"product_cat","embeddable":true,"href":"https:\/\/ouk.ee\/en\/wp-json\/wp\/v2\/product_cat?post=665"},{"taxonomy":"product_tag","embeddable":true,"href":"https:\/\/ouk.ee\/en\/wp-json\/wp\/v2\/product_tag?post=665"}],"curies":[{"name":"wp","href":"https:\/\/api.w.org\/{rel}","templated":true}]}}