{"id":664,"date":"2024-05-06T18:18:24","date_gmt":"2024-05-06T15:18:24","guid":{"rendered":"https:\/\/ouk.ee\/?post_type=product&#038;p=664"},"modified":"2024-11-25T16:05:03","modified_gmt":"2024-11-25T14:05:03","slug":"ouk-london-dry-gin","status":"publish","type":"product","link":"https:\/\/ouk.ee\/en\/product\/ouk-london-dry-gin\/","title":{"rendered":"OUK Hiiumaa London Dry Gin 45,5% vol 500 ml"},"content":{"rendered":"","protected":false},"excerpt":{"rendered":"<p>As a small batch distillery from a rural island, we knew from the go our niche is a gin that packs personality. The recipe includes lavender, rhubarb and primula veris, also known as cowslip, all picked from inside the meteorite crater. After all, every sip is a continuation of the story that began 455 million years ago. Ideally savoured with an Indian tonic and plenty of ice.<\/p>\n<p>Liitri hind on 73,8\u20ac.<\/p>\n<p>&nbsp;<\/p>","protected":false},"featured_media":649,"template":"","meta":[],"product_cat":[37,35],"product_tag":[],"class_list":{"0":"post-664","1":"product","2":"type-product","3":"status-publish","4":"has-post-thumbnail","6":"product_cat-london-dry-gin-ouk","7":"product_cat-ouk","9":"entry","10":"has-media","12":"first","13":"instock","14":"shipping-taxable","15":"purchasable","16":"product-type-simple","17":"col","18":"span_1_of_3","19":"owp-content-center","20":"owp-thumbs-layout-horizontal","21":"owp-btn-normal","22":"owp-tabs-layout-horizontal","23":"has-no-thumbnails"},"yoast_head":"<!-- This site is optimized with the Yoast SEO plugin v23.9 - https:\/\/yoast.com\/wordpress\/plugins\/seo\/ -->\n<title>OUK Hiiumaa London Dry Gin 45,5% vol 500 ml - OUK Distillery<\/title>\n<meta name=\"robots\" content=\"index, follow, max-snippet:-1, max-image-preview:large, max-video-preview:-1\" \/>\n<link rel=\"canonical\" href=\"https:\/\/ouk.ee\/en\/product\/ouk-london-dry-gin\/\" \/>\n<meta property=\"og:locale\" content=\"en_US\" \/>\n<meta property=\"og:type\" content=\"article\" \/>\n<meta property=\"og:title\" content=\"OUK Hiiumaa London Dry Gin 45,5% vol 500 ml - OUK Distillery\" \/>\n<meta property=\"og:description\" content=\"Hiiumaa v\u00e4iketootjana teadsime kohe alguses, et meie d\u017einnil peab olema isikup\u00e4ra. Retsept sisaldab meteoriidikraatri seest korjatud lavendlit, rabarberit ja primula verist, mida tuntakse ka kui nurmenukk. Iga lonks on ju j\u00e4tk loole, mis sai alguse 455 miljonit aastat tagasi. Ideaalselt maitsestatakse India tooniku ja rohke j\u00e4\u00e4ga.  Liitri hind on 73,8\u20ac.  &nbsp;\" \/>\n<meta property=\"og:url\" content=\"https:\/\/ouk.ee\/en\/product\/ouk-london-dry-gin\/\" \/>\n<meta property=\"og:site_name\" content=\"OUK Distillery\" \/>\n<meta property=\"article:modified_time\" content=\"2024-11-25T14:05:03+00:00\" \/>\n<meta property=\"og:image\" content=\"https:\/\/ouk.ee\/wp-content\/uploads\/2024\/02\/LDG.png\" \/>\n\t<meta property=\"og:image:width\" content=\"1080\" \/>\n\t<meta property=\"og:image:height\" content=\"1080\" \/>\n\t<meta property=\"og:image:type\" content=\"image\/png\" \/>\n<meta name=\"twitter:card\" content=\"summary_large_image\" \/>\n<meta name=\"twitter:label1\" content=\"Est. reading time\" \/>\n\t<meta name=\"twitter:data1\" content=\"1 minute\" \/>\n<script type=\"application\/ld+json\" class=\"yoast-schema-graph\">{\"@context\":\"https:\/\/schema.org\",\"@graph\":[{\"@type\":\"WebPage\",\"@id\":\"https:\/\/ouk.ee\/toode\/ouk-london-dry-gin\/\",\"url\":\"https:\/\/ouk.ee\/toode\/ouk-london-dry-gin\/\",\"name\":\"OUK Hiiumaa London Dry Gin 45,5% vol 500 ml - OUK Distillery\",\"isPartOf\":{\"@id\":\"https:\/\/ouk.ee\/en\/#website\"},\"primaryImageOfPage\":{\"@id\":\"https:\/\/ouk.ee\/toode\/ouk-london-dry-gin\/#primaryimage\"},\"image\":{\"@id\":\"https:\/\/ouk.ee\/toode\/ouk-london-dry-gin\/#primaryimage\"},\"thumbnailUrl\":\"https:\/\/ouk.ee\/wp-content\/uploads\/2024\/02\/LDG.png\",\"datePublished\":\"2024-05-06T15:18:24+00:00\",\"dateModified\":\"2024-11-25T14:05:03+00:00\",\"breadcrumb\":{\"@id\":\"https:\/\/ouk.ee\/toode\/ouk-london-dry-gin\/#breadcrumb\"},\"inLanguage\":\"en-US\",\"potentialAction\":[{\"@type\":\"ReadAction\",\"target\":[\"https:\/\/ouk.ee\/toode\/ouk-london-dry-gin\/\"]}]},{\"@type\":\"ImageObject\",\"inLanguage\":\"en-US\",\"@id\":\"https:\/\/ouk.ee\/toode\/ouk-london-dry-gin\/#primaryimage\",\"url\":\"https:\/\/ouk.ee\/wp-content\/uploads\/2024\/02\/LDG.png\",\"contentUrl\":\"https:\/\/ouk.ee\/wp-content\/uploads\/2024\/02\/LDG.png\",\"width\":1080,\"height\":1080,\"caption\":\"OUK Distillery Hiiumaa London Dry Gin\"},{\"@type\":\"BreadcrumbList\",\"@id\":\"https:\/\/ouk.ee\/toode\/ouk-london-dry-gin\/#breadcrumb\",\"itemListElement\":[{\"@type\":\"ListItem\",\"position\":1,\"name\":\"Home\",\"item\":\"https:\/\/ouk.ee\/en\/\"},{\"@type\":\"ListItem\",\"position\":2,\"name\":\"Pood\",\"item\":\"https:\/\/ouk.ee\/en\/pood\/\"},{\"@type\":\"ListItem\",\"position\":3,\"name\":\"OUK Hiiumaa London Dry Gin 45,5% vol 500 ml\"}]},{\"@type\":\"WebSite\",\"@id\":\"https:\/\/ouk.ee\/en\/#website\",\"url\":\"https:\/\/ouk.ee\/en\/\",\"name\":\"OUK Distillery\",\"description\":\"Hiiumaa artisan distillery: From crater to glass\",\"publisher\":{\"@id\":\"https:\/\/ouk.ee\/en\/#organization\"},\"potentialAction\":[{\"@type\":\"SearchAction\",\"target\":{\"@type\":\"EntryPoint\",\"urlTemplate\":\"https:\/\/ouk.ee\/en\/?s={search_term_string}\"},\"query-input\":{\"@type\":\"PropertyValueSpecification\",\"valueRequired\":true,\"valueName\":\"search_term_string\"}}],\"inLanguage\":\"en-US\"},{\"@type\":\"Organization\",\"@id\":\"https:\/\/ouk.ee\/en\/#organization\",\"name\":\"OUK Distillery\",\"url\":\"https:\/\/ouk.ee\/en\/\",\"logo\":{\"@type\":\"ImageObject\",\"inLanguage\":\"en-US\",\"@id\":\"https:\/\/ouk.ee\/en\/#\/schema\/logo\/image\/\",\"url\":\"https:\/\/ouk.ee\/wp-content\/uploads\/2021\/05\/ouklogo-punane.png\",\"contentUrl\":\"https:\/\/ouk.ee\/wp-content\/uploads\/2021\/05\/ouklogo-punane.png\",\"width\":1919,\"height\":1922,\"caption\":\"OUK Distillery\"},\"image\":{\"@id\":\"https:\/\/ouk.ee\/en\/#\/schema\/logo\/image\/\"}}]}<\/script>\n<!-- \/ Yoast SEO plugin. -->","yoast_head_json":{"title":"OUK Hiiumaa London Dry Gin 45,5% vol 500 ml - OUK Distillery","robots":{"index":"index","follow":"follow","max-snippet":"max-snippet:-1","max-image-preview":"max-image-preview:large","max-video-preview":"max-video-preview:-1"},"canonical":"https:\/\/ouk.ee\/en\/product\/ouk-london-dry-gin\/","og_locale":"en_US","og_type":"article","og_title":"OUK Hiiumaa London Dry Gin 45,5% vol 500 ml - OUK Distillery","og_description":"Hiiumaa v\u00e4iketootjana teadsime kohe alguses, et meie d\u017einnil peab olema isikup\u00e4ra. Retsept sisaldab meteoriidikraatri seest korjatud lavendlit, rabarberit ja primula verist, mida tuntakse ka kui nurmenukk. Iga lonks on ju j\u00e4tk loole, mis sai alguse 455 miljonit aastat tagasi. Ideaalselt maitsestatakse India tooniku ja rohke j\u00e4\u00e4ga.  Liitri hind on 73,8\u20ac.  &nbsp;","og_url":"https:\/\/ouk.ee\/en\/product\/ouk-london-dry-gin\/","og_site_name":"OUK Distillery","article_modified_time":"2024-11-25T14:05:03+00:00","og_image":[{"width":1080,"height":1080,"url":"https:\/\/ouk.ee\/wp-content\/uploads\/2024\/02\/LDG.png","type":"image\/png"}],"twitter_card":"summary_large_image","twitter_misc":{"Est. reading time":"1 minute"},"schema":{"@context":"https:\/\/schema.org","@graph":[{"@type":"WebPage","@id":"https:\/\/ouk.ee\/toode\/ouk-london-dry-gin\/","url":"https:\/\/ouk.ee\/toode\/ouk-london-dry-gin\/","name":"OUK Hiiumaa London Dry Gin 45,5% vol 500 ml - OUK Distillery","isPartOf":{"@id":"https:\/\/ouk.ee\/en\/#website"},"primaryImageOfPage":{"@id":"https:\/\/ouk.ee\/toode\/ouk-london-dry-gin\/#primaryimage"},"image":{"@id":"https:\/\/ouk.ee\/toode\/ouk-london-dry-gin\/#primaryimage"},"thumbnailUrl":"https:\/\/ouk.ee\/wp-content\/uploads\/2024\/02\/LDG.png","datePublished":"2024-05-06T15:18:24+00:00","dateModified":"2024-11-25T14:05:03+00:00","breadcrumb":{"@id":"https:\/\/ouk.ee\/toode\/ouk-london-dry-gin\/#breadcrumb"},"inLanguage":"en-US","potentialAction":[{"@type":"ReadAction","target":["https:\/\/ouk.ee\/toode\/ouk-london-dry-gin\/"]}]},{"@type":"ImageObject","inLanguage":"en-US","@id":"https:\/\/ouk.ee\/toode\/ouk-london-dry-gin\/#primaryimage","url":"https:\/\/ouk.ee\/wp-content\/uploads\/2024\/02\/LDG.png","contentUrl":"https:\/\/ouk.ee\/wp-content\/uploads\/2024\/02\/LDG.png","width":1080,"height":1080,"caption":"OUK Distillery Hiiumaa London Dry Gin"},{"@type":"BreadcrumbList","@id":"https:\/\/ouk.ee\/toode\/ouk-london-dry-gin\/#breadcrumb","itemListElement":[{"@type":"ListItem","position":1,"name":"Home","item":"https:\/\/ouk.ee\/en\/"},{"@type":"ListItem","position":2,"name":"Pood","item":"https:\/\/ouk.ee\/en\/pood\/"},{"@type":"ListItem","position":3,"name":"OUK Hiiumaa London Dry Gin 45,5% vol 500 ml"}]},{"@type":"WebSite","@id":"https:\/\/ouk.ee\/en\/#website","url":"https:\/\/ouk.ee\/en\/","name":"OUK Distillery","description":"Hiiumaa artisan distillery: From crater to glass","publisher":{"@id":"https:\/\/ouk.ee\/en\/#organization"},"potentialAction":[{"@type":"SearchAction","target":{"@type":"EntryPoint","urlTemplate":"https:\/\/ouk.ee\/en\/?s={search_term_string}"},"query-input":{"@type":"PropertyValueSpecification","valueRequired":true,"valueName":"search_term_string"}}],"inLanguage":"en-US"},{"@type":"Organization","@id":"https:\/\/ouk.ee\/en\/#organization","name":"OUK Distillery","url":"https:\/\/ouk.ee\/en\/","logo":{"@type":"ImageObject","inLanguage":"en-US","@id":"https:\/\/ouk.ee\/en\/#\/schema\/logo\/image\/","url":"https:\/\/ouk.ee\/wp-content\/uploads\/2021\/05\/ouklogo-punane.png","contentUrl":"https:\/\/ouk.ee\/wp-content\/uploads\/2021\/05\/ouklogo-punane.png","width":1919,"height":1922,"caption":"OUK Distillery"},"image":{"@id":"https:\/\/ouk.ee\/en\/#\/schema\/logo\/image\/"}}]}},"_links":{"self":[{"href":"https:\/\/ouk.ee\/en\/wp-json\/wp\/v2\/product\/664","targetHints":{"allow":["GET"]}}],"collection":[{"href":"https:\/\/ouk.ee\/en\/wp-json\/wp\/v2\/product"}],"about":[{"href":"https:\/\/ouk.ee\/en\/wp-json\/wp\/v2\/types\/product"}],"wp:featuredmedia":[{"embeddable":true,"href":"https:\/\/ouk.ee\/en\/wp-json\/wp\/v2\/media\/649"}],"wp:attachment":[{"href":"https:\/\/ouk.ee\/en\/wp-json\/wp\/v2\/media?parent=664"}],"wp:term":[{"taxonomy":"product_cat","embeddable":true,"href":"https:\/\/ouk.ee\/en\/wp-json\/wp\/v2\/product_cat?post=664"},{"taxonomy":"product_tag","embeddable":true,"href":"https:\/\/ouk.ee\/en\/wp-json\/wp\/v2\/product_tag?post=664"}],"curies":[{"name":"wp","href":"https:\/\/api.w.org\/{rel}","templated":true}]}}